{"id":8451,"date":"2022-04-06T09:14:55","date_gmt":"2022-04-06T07:14:55","guid":{"rendered":"https:\/\/horticulture.beverinnovations.com\/?post_type=product&#038;p=8451"},"modified":"2022-04-06T09:16:01","modified_gmt":"2022-04-06T07:16:01","slug":"leaf-carrier-10-laags-jonge-plantjes","status":"publish","type":"product","link":"https:\/\/horticulture.beverinnovations.com\/nl\/product\/leaf-carrier-10-laags-jonge-plantjes\/","title":{"rendered":"Leaf carrier 10 laags jonge plantjes"},"content":{"rendered":"\n<p><strong>De 10 laags Leaf Carrier voor de productie van jonge groente- en kruidenplantjes.<\/strong><\/p>\n\n\n\n<ul class=\"wp-block-list\"><li>De Leaf Carrier onderscheidt zich door een minimale laagdikte (9 mm) en maximale draagkracht van de planttrays. Omdat de LED\u2019s zijn ge\u00efntegreerd in de trays waarop de zaadjes zich ontwikkelen, ontstaat een maximaal kweekoppervlak per m\u00b2 kweekruimte.<\/li><li>Met de 10-laagse Leaf Carrier (2,00 meter hoogte) hebt u \u2013 op slechts 1 m\u00b2 vloeroppervlak \u2013 maar liefst 9,4 m\u00b2 kweekoppervlak tot uw beschikking!<\/li><li>Een veel toegepaste zaaitray heeft een afmeting van 40 x 60 cm. Op \u00e9\u00e9n laag van de Leaf Carrier passen precies 4 van deze trays. Dat zijn 40 trays op de 10-laags Leaf Carrier, waardoor op \u00e9\u00e9n kweekkar tot enkele duizenden jonge groente- en kruidenplantjes opgekweekt kunnen worden.<\/li><li>Naar wens kan op de 10-laagse Leaf Carrier een optionele aluminium plaat worden bevestigd, waarop grotere gewichten geplaatst kunnen worden. Denk bijvoorbeeld aan een eb- en vloed-systeem om alle zaadjes vraaggestuurd van voldoende water te voorzien.<\/li><\/ul>\n\n\n\n<p>Om een snelle en effici\u00ebnte productie van groenten en kruiden zoals tomaten, komkommers, paprika\u2019s, pepers, courgettes, basilicum en munt te garanderen, zijn kwekers niet alleen afhankelijk van de klimaatomstandigheden in hun kas, maar ook van de (uniforme) productkwaliteit en afmeting van de jonge plantjes. De ontwikkeling van zaadje tot kiem en jong plantje moet dan ook uiterst zorgvuldig gebeuren. Voor jonge groente- en kruidenplantjes moet het kweekproces zo snel, consistent en (kosten)effici\u00ebnt mogelijk plaatsvinden. De 10-laagse waterdichte Leaf Carrier van Bever Innovations kan hier optimaal in voorzien.<\/p>\n\n\n\n<p><strong>De belangrijkste voordelen voor de productie van jonge groente- en kruidenplantjes:<\/strong><\/p>\n\n\n\n<p>Het zaaien, kiemen en ontwikkelen van jonge groente- en kruidenplantjes vindt grotendeels plaats in klimaatcellen, labs en vitro-omgevingen, waar onder andere temperaturen, licht, luchtvochtigheid en CO2 vraaggestuurd geregeld kunnen worden. Maar er zijn ook nog veel kwekers die kiezen voor een \u2018kas in kas\u2019 systeem, waarin regelmatig vochtige lucht wordt gespoten en waarin de plantjes afhankelijk zijn van het beschikbare zonlicht. Om dit proces maximaal te beheersen en negatieve effecten zoals verrotting, uitdroging en\/of verbanding tegen te gaan, is echter niet eenvoudig.<\/p>\n\n\n\n<p>De productie van jonge groente- en kruidenplantjes vond tot voor kort grotendeels plaats op de grond of in vaste stellingen en standaard CC\/Deense Trolleys. Echter kennen beide systemen nogal wat haken en ogen. Waar plaatsing op de grond het maximaal beschikbare kweekoppervlak flink doet afnemen, zorgt ook de productie in vaste stellingen en standaard trolleys voor uitdagingen. Zo is het niet eenvoudig om alle plantjes in deze stellingen en trolleys goed en gelijkmatig te laten opkomen. De kweekbakjes\/trays met steenwol, kokos, perliet of potgrond moeten regelmatig worden gewisseld en\/of gedraaid, om ieder zaadje en\/of jong plantje van de juiste hoeveelheid licht en vocht te kunnen voorzien. Bovendien moeten de producten voor iedere bewerking (verspenen\/verplanten, enten, \u2026) worden overgepakt op karretjes, voor transport richting de bewerkingsruimte. De 10-laagse, waterdichte Leaf Carrier biedt hiervoor een passende oplossing, waarbij een maximaal kweekoppervlak, een uniforme groei \u00e9n een optimale (logistieke) effici\u00ebntie perfect hand-in-hand gaan. De Leaf Carrier komt het best tot zijn recht in klimaatcellen, labs of vitro-omgevingen, maar ook in standaard plantenkassen kunnen enorme winsten worden behaald. Niet voor niets wordt de innovatieve, mobiele kweekkar door steeds meer jonge plantjeskwekers omarmd!<\/p>\n\n\n\n<p><strong>Maximaal kweekoppervlak per m\u00b2 vloeroppervlak<\/strong><\/p>\n\n\n\n<p>De Leaf Carrier onderscheidt zich door een minimale laagdikte (9 mm) en maximale draagkracht van de planttrays. Omdat de LED\u2019s zijn ge\u00efntegreerd in de trays waarop de zaadjes zich ontwikkelen, ontstaat een maximaal kweekoppervlak per m\u00b2 kweekruimte. Met de 10-laagse Leaf Carrier (2,00 meter hoogte) hebt u \u2013 op slechts 1 m\u00b2 vloeroppervlak \u2013 maar liefst 9,4 m\u00b2 kweekoppervlak tot uw beschikking! Een veel toegepaste zaaitray heeft een afmeting van 40 x 60 cm. Op \u00e9\u00e9n laag van de Leaf Carrier passen precies 4 van deze trays. Dat zijn 28 trays op de 7-laags Leaf Carrier en 40 trays op de 10-laags Leaf Carrier, waardoor op \u00e9\u00e9n kweekkar tot enkele duizenden jonge groente- en kruidenplantjes opgekweekt kunnen worden.<\/p>\n\n\n\n<p>Naar wens kan op de 10-laagse Leaf Carrier een optionele aluminium plaat worden bevestigd, waarop grotere gewichten geplaatst kunnen worden. Denk bijvoorbeeld aan een eb- en vloed-systeem om alle zaadjes vraaggestuurd van voldoende water te voorzien.<\/p>\n\n\n\n<p><strong>Exact het juiste kleurenspectrum<\/strong><\/p>\n\n\n\n<p>De unieke, energiezuinige LED-verlichting in de Leaf Carrier bundelt het \u2013 voor jonge groente- en kruidenplantjes essenti\u00eble \u2013 rode en blauwe licht. Doordat het licht al bij de bron wordt gemengd, ontvangt ieder zaadje op de planttray exact het juiste kleurenspectrum. In combinatie met een optimale warmtespreiding draagt de Leaf Carrier zorg voor een egale opkomst en groei van uw plantjes, zowel in het midden als aan de rand van elke tray. Omdat geen afstand voor lichtmenging ingecalculeerd hoeft te worden, kunnen alle zaadjes zeer dicht tegen de LED\u2019s worden geplaatst, zonder risico op verbranding. Hierdoor wordt uitval van groente- en kruidenzaden tot een absoluut minimum beperkt.<\/p>\n\n\n\n<p><strong>Gelijkmatige opkomst en stabiele groei<\/strong><\/p>\n\n\n\n<p>Een juiste plaatsing van de LED\u2019s en een uitgekiende opbouw van de lichtdoorlatende trays zorgen voor een egaal lichtbeeld. Zowel in het midden als aan de rand van de planttrays, waarmee u verzekerd bent van een gelijkmatige opkomst \u00e9n stabiele groei van uw jonge plantjes. Door de hoge lichtuniformiteit kan de afstand tussen de jonge plantjes en bovenliggende plaat aanzienlijk kleiner zijn dan bij traditionele systemen.<\/p>\n\n\n\n<p><strong>Geen risico op opwarming\/uitdroging<\/strong><\/p>\n\n\n\n<p>De LED-verlichting in de Leaf Carrier geeft nauwelijks warmte af. En doordat de kweekproducten op een geavanceerde kunststof tray worden geplaatst, worden hitteontwikkeling onder de zaadjes\/jonge plantjes&nbsp;\u00e9n verdamping (verlies van water) voorkomen. Opwarming en\/of uitdroging van de zaadjes en jonge plantjes is met de Leaf Carrier dus niet aan de orde.<\/p>\n\n\n\n<p><strong><u>Onderscheidend vermogen van de Leaf Carrier:<\/u><\/strong><strong><\/strong><\/p>\n\n\n\n<p><strong>Mobiele kweekkar voorkomt overpakken van producten<\/strong><\/p>\n\n\n\n<p>De mobiele Leaf Carrier kan eenvoudig vanuit de kweekruimte naar de bewerkingsafdeling worden gereden, en vice versa. Hierdoor wordt kostbare (overpak)tijd bespaard.<\/p>\n\n\n\n<p><strong>Geen grote investeringen vooraf<\/strong><\/p>\n\n\n\n<p>Dankzij de Leaf Carrier zijn grote investeringen vooraf bovendien niet aan de orde. Een ruimte met een stroomvoorziening is alles wat u nodig hebt! Start eenvoudig met \u00e9\u00e9n 10- Leaf Carrier en voeg kweekkarren toe zodra uw business groeit.<\/p>\n\n\n\n<p><strong>Zeer gunstige Return On Investment (ROI)<\/strong><\/p>\n\n\n\n<p>Klimaatcellen, labs en vitro-omgevingen hebben relatief hoge investerings- (CAPEX) en exploitatiekosten (OPEX). Omdat de 10-laagse Leaf Carrier een zeer hoge plantdichtheid heeft \u2013 tot 9,4 m\u00b2 kweekoppervlak per m\u00b2 vloeroppervlak \u2013 is een hoge Return On Investment mogelijk.<\/p>\n\n\n\n<p><strong>Waterdicht, robuust en hygi\u00ebnisch<\/strong><\/p>\n\n\n\n<p>De waterdichte Leaf Carrier onderscheidt zich door een minimalistisch, functioneel, robuust en hygi\u00ebnisch design. De kweekkar voldoet aan IP-beschermingsklasse 65 en is uitstekend water- en stofdicht. Alle kabels, voedingen en intelligentie zijn netjes weggewerkt in het frame van de kweekkar, waardoor beschadigingen aan de kar tot een minimum worden beperkt en bijvoorbeeld vuil, stof en modder zich nergens kunnen ophopen. Zowel de trays als het frame zijn zeer eenvoudig te reinigen.<\/p>\n\n\n\n<p><strong>Een optimaal groeiklimaat tegen een minimaal energieverbruik<\/strong><\/p>\n\n\n\n<p>De Leaf Carrier wordt standaard uitgerust met de Smart Technology van Bever Innovations Horticulture Lighting, waarmee gebruikers de planttrays eenvoudig en separaat kunnen beheren en beheersen. Middels een app op de smartphone of tablet kan niet alleen het licht op de planttrays eenvoudig worden aan- en uitgeschakeld, maar kunnen ook in- en uitschakeltijden worden (voor)geprogrammeerd en lichtsterktes (\u03bcmol) worden aangepast. Zowel per kweekkar als per planttray en volledig conform de (cyclus)behoeften van uw kleine plantjes. Een optimaal groeiklimaat tegen een minimaal energieverbruik is het duurzame resultaat.<\/p>\n\n\n\n<p>Om lokaal gebruik te kunnen maken van de Smart Technology is een internet\/wifi-infrastructuur niet nodig. Voor wie de kweekkarren ook op afstand en via de Bever Innovations webportal wil kunnen beheren en beheersen, is de toevoeging van een speciale Connected Bridge (gateway) met internetaansluiting voldoende.<\/p>\n","protected":false},"author":2,"featured_media":7951,"parent":0,"menu_order":0,"template":"","meta":{"_acf_changed":false,"footnotes":""},"categorie_leaf_carrier":[],"class_list":["post-8451","product","type-product","status-publish","has-post-thumbnail","hentry"],"acf":[],"yoast_head":"<!-- This site is optimized with the Yoast SEO plugin v27.0 - https:\/\/yoast.com\/product\/yoast-seo-wordpress\/ -->\n<title>Leaf carrier 10 laags jonge plantjes - Bever Innovations Horticulture<\/title>\n<meta name=\"robots\" content=\"index, follow, max-snippet:-1, max-image-preview:large, max-video-preview:-1\" \/>\n<link rel=\"canonical\" href=\"https:\/\/horticulture.beverinnovations.com\/nl\/product\/leaf-carrier-10-laags-jonge-plantjes\/\" \/>\n<meta property=\"og:locale\" content=\"nl_NL\" \/>\n<meta property=\"og:type\" content=\"article\" \/>\n<meta property=\"og:title\" content=\"Leaf carrier 10 laags jonge plantjes - Bever Innovations Horticulture\" \/>\n<meta property=\"og:description\" content=\"De 10 laags Leaf Carrier voor de productie van jonge groente- en kruidenplantjes. De Leaf Carrier onderscheidt zich door een minimale laagdikte (9 mm) en maximale draagkracht van de planttrays. ... Lees verder\" \/>\n<meta property=\"og:url\" content=\"https:\/\/horticulture.beverinnovations.com\/nl\/product\/leaf-carrier-10-laags-jonge-plantjes\/\" \/>\n<meta property=\"og:site_name\" content=\"Bever Innovations Horticulture\" \/>\n<meta property=\"article:publisher\" content=\"https:\/\/www.facebook.com\/BeverInnovationsHorticulture\/\" \/>\n<meta property=\"article:modified_time\" content=\"2022-04-06T07:16:01+00:00\" \/>\n<meta property=\"og:image\" content=\"https:\/\/horticulture.beverinnovations.com\/wp-content\/uploads\/2022\/01\/10_Laags_Kar_Full.jpg\" \/>\n\t<meta property=\"og:image:width\" content=\"1200\" \/>\n\t<meta property=\"og:image:height\" content=\"800\" \/>\n\t<meta property=\"og:image:type\" content=\"image\/jpeg\" \/>\n<meta name=\"twitter:card\" content=\"summary_large_image\" \/>\n<meta name=\"twitter:label1\" content=\"Geschatte leestijd\" \/>\n\t<meta name=\"twitter:data1\" content=\"7 minuten\" \/>\n<script type=\"application\/ld+json\" class=\"yoast-schema-graph\">{\"@context\":\"https:\/\/schema.org\",\"@graph\":[{\"@type\":\"WebPage\",\"@id\":\"https:\/\/horticulture.beverinnovations.com\/nl\/product\/leaf-carrier-10-laags-jonge-plantjes\/\",\"url\":\"https:\/\/horticulture.beverinnovations.com\/nl\/product\/leaf-carrier-10-laags-jonge-plantjes\/\",\"name\":\"Leaf carrier 10 laags jonge plantjes - Bever Innovations Horticulture\",\"isPartOf\":{\"@id\":\"https:\/\/horticulture.beverinnovations.com\/#website\"},\"primaryImageOfPage\":{\"@id\":\"https:\/\/horticulture.beverinnovations.com\/nl\/product\/leaf-carrier-10-laags-jonge-plantjes\/#primaryimage\"},\"image\":{\"@id\":\"https:\/\/horticulture.beverinnovations.com\/nl\/product\/leaf-carrier-10-laags-jonge-plantjes\/#primaryimage\"},\"thumbnailUrl\":\"https:\/\/horticulture.beverinnovations.com\/wp-content\/uploads\/2022\/01\/10_Laags_Kar_Full.jpg\",\"datePublished\":\"2022-04-06T07:14:55+00:00\",\"dateModified\":\"2022-04-06T07:16:01+00:00\",\"breadcrumb\":{\"@id\":\"https:\/\/horticulture.beverinnovations.com\/nl\/product\/leaf-carrier-10-laags-jonge-plantjes\/#breadcrumb\"},\"inLanguage\":\"nl-NL\",\"potentialAction\":[{\"@type\":\"ReadAction\",\"target\":[\"https:\/\/horticulture.beverinnovations.com\/nl\/product\/leaf-carrier-10-laags-jonge-plantjes\/\"]}]},{\"@type\":\"ImageObject\",\"inLanguage\":\"nl-NL\",\"@id\":\"https:\/\/horticulture.beverinnovations.com\/nl\/product\/leaf-carrier-10-laags-jonge-plantjes\/#primaryimage\",\"url\":\"https:\/\/horticulture.beverinnovations.com\/wp-content\/uploads\/2022\/01\/10_Laags_Kar_Full.jpg\",\"contentUrl\":\"https:\/\/horticulture.beverinnovations.com\/wp-content\/uploads\/2022\/01\/10_Laags_Kar_Full.jpg\",\"width\":1200,\"height\":800},{\"@type\":\"BreadcrumbList\",\"@id\":\"https:\/\/horticulture.beverinnovations.com\/nl\/product\/leaf-carrier-10-laags-jonge-plantjes\/#breadcrumb\",\"itemListElement\":[{\"@type\":\"ListItem\",\"position\":1,\"name\":\"Home\",\"item\":\"https:\/\/horticulture.beverinnovations.com\/nl\/home\/\"},{\"@type\":\"ListItem\",\"position\":2,\"name\":\"Leaf carrier 10 laags jonge plantjes\"}]},{\"@type\":\"WebSite\",\"@id\":\"https:\/\/horticulture.beverinnovations.com\/#website\",\"url\":\"https:\/\/horticulture.beverinnovations.com\/\",\"name\":\"Bever Innovations Horticulture\",\"description\":\"Urban farming Horticulture LED lighting for vertical farming\",\"publisher\":{\"@id\":\"https:\/\/horticulture.beverinnovations.com\/#organization\"},\"potentialAction\":[{\"@type\":\"SearchAction\",\"target\":{\"@type\":\"EntryPoint\",\"urlTemplate\":\"https:\/\/horticulture.beverinnovations.com\/?s={search_term_string}\"},\"query-input\":{\"@type\":\"PropertyValueSpecification\",\"valueRequired\":true,\"valueName\":\"search_term_string\"}}],\"inLanguage\":\"nl-NL\"},{\"@type\":\"Organization\",\"@id\":\"https:\/\/horticulture.beverinnovations.com\/#organization\",\"name\":\"Bever Innovations Horticulture\",\"url\":\"https:\/\/horticulture.beverinnovations.com\/\",\"logo\":{\"@type\":\"ImageObject\",\"inLanguage\":\"nl-NL\",\"@id\":\"https:\/\/horticulture.beverinnovations.com\/#\/schema\/logo\/image\/\",\"url\":\"\",\"contentUrl\":\"\",\"caption\":\"Bever Innovations Horticulture\"},\"image\":{\"@id\":\"https:\/\/horticulture.beverinnovations.com\/#\/schema\/logo\/image\/\"},\"sameAs\":[\"https:\/\/www.facebook.com\/BeverInnovationsHorticulture\/\",\"https:\/\/www.instagram.com\/beverinnovations_horticulture\/\",\"https:\/\/www.linkedin.com\/company\/bever-innovations-horticulture\/\"]}]}<\/script>\n<!-- \/ Yoast SEO plugin. -->","yoast_head_json":{"title":"Leaf carrier 10 laags jonge plantjes - Bever Innovations Horticulture","robots":{"index":"index","follow":"follow","max-snippet":"max-snippet:-1","max-image-preview":"max-image-preview:large","max-video-preview":"max-video-preview:-1"},"canonical":"https:\/\/horticulture.beverinnovations.com\/nl\/product\/leaf-carrier-10-laags-jonge-plantjes\/","og_locale":"nl_NL","og_type":"article","og_title":"Leaf carrier 10 laags jonge plantjes - Bever Innovations Horticulture","og_description":"De 10 laags Leaf Carrier voor de productie van jonge groente- en kruidenplantjes. De Leaf Carrier onderscheidt zich door een minimale laagdikte (9 mm) en maximale draagkracht van de planttrays. ... Lees verder","og_url":"https:\/\/horticulture.beverinnovations.com\/nl\/product\/leaf-carrier-10-laags-jonge-plantjes\/","og_site_name":"Bever Innovations Horticulture","article_publisher":"https:\/\/www.facebook.com\/BeverInnovationsHorticulture\/","article_modified_time":"2022-04-06T07:16:01+00:00","og_image":[{"width":1200,"height":800,"url":"https:\/\/horticulture.beverinnovations.com\/wp-content\/uploads\/2022\/01\/10_Laags_Kar_Full.jpg","type":"image\/jpeg"}],"twitter_card":"summary_large_image","twitter_misc":{"Geschatte leestijd":"7 minuten"},"schema":{"@context":"https:\/\/schema.org","@graph":[{"@type":"WebPage","@id":"https:\/\/horticulture.beverinnovations.com\/nl\/product\/leaf-carrier-10-laags-jonge-plantjes\/","url":"https:\/\/horticulture.beverinnovations.com\/nl\/product\/leaf-carrier-10-laags-jonge-plantjes\/","name":"Leaf carrier 10 laags jonge plantjes - Bever Innovations Horticulture","isPartOf":{"@id":"https:\/\/horticulture.beverinnovations.com\/#website"},"primaryImageOfPage":{"@id":"https:\/\/horticulture.beverinnovations.com\/nl\/product\/leaf-carrier-10-laags-jonge-plantjes\/#primaryimage"},"image":{"@id":"https:\/\/horticulture.beverinnovations.com\/nl\/product\/leaf-carrier-10-laags-jonge-plantjes\/#primaryimage"},"thumbnailUrl":"https:\/\/horticulture.beverinnovations.com\/wp-content\/uploads\/2022\/01\/10_Laags_Kar_Full.jpg","datePublished":"2022-04-06T07:14:55+00:00","dateModified":"2022-04-06T07:16:01+00:00","breadcrumb":{"@id":"https:\/\/horticulture.beverinnovations.com\/nl\/product\/leaf-carrier-10-laags-jonge-plantjes\/#breadcrumb"},"inLanguage":"nl-NL","potentialAction":[{"@type":"ReadAction","target":["https:\/\/horticulture.beverinnovations.com\/nl\/product\/leaf-carrier-10-laags-jonge-plantjes\/"]}]},{"@type":"ImageObject","inLanguage":"nl-NL","@id":"https:\/\/horticulture.beverinnovations.com\/nl\/product\/leaf-carrier-10-laags-jonge-plantjes\/#primaryimage","url":"https:\/\/horticulture.beverinnovations.com\/wp-content\/uploads\/2022\/01\/10_Laags_Kar_Full.jpg","contentUrl":"https:\/\/horticulture.beverinnovations.com\/wp-content\/uploads\/2022\/01\/10_Laags_Kar_Full.jpg","width":1200,"height":800},{"@type":"BreadcrumbList","@id":"https:\/\/horticulture.beverinnovations.com\/nl\/product\/leaf-carrier-10-laags-jonge-plantjes\/#breadcrumb","itemListElement":[{"@type":"ListItem","position":1,"name":"Home","item":"https:\/\/horticulture.beverinnovations.com\/nl\/home\/"},{"@type":"ListItem","position":2,"name":"Leaf carrier 10 laags jonge plantjes"}]},{"@type":"WebSite","@id":"https:\/\/horticulture.beverinnovations.com\/#website","url":"https:\/\/horticulture.beverinnovations.com\/","name":"Bever Innovations Horticulture","description":"Urban farming Horticulture LED lighting for vertical farming","publisher":{"@id":"https:\/\/horticulture.beverinnovations.com\/#organization"},"potentialAction":[{"@type":"SearchAction","target":{"@type":"EntryPoint","urlTemplate":"https:\/\/horticulture.beverinnovations.com\/?s={search_term_string}"},"query-input":{"@type":"PropertyValueSpecification","valueRequired":true,"valueName":"search_term_string"}}],"inLanguage":"nl-NL"},{"@type":"Organization","@id":"https:\/\/horticulture.beverinnovations.com\/#organization","name":"Bever Innovations Horticulture","url":"https:\/\/horticulture.beverinnovations.com\/","logo":{"@type":"ImageObject","inLanguage":"nl-NL","@id":"https:\/\/horticulture.beverinnovations.com\/#\/schema\/logo\/image\/","url":"","contentUrl":"","caption":"Bever Innovations Horticulture"},"image":{"@id":"https:\/\/horticulture.beverinnovations.com\/#\/schema\/logo\/image\/"},"sameAs":["https:\/\/www.facebook.com\/BeverInnovationsHorticulture\/","https:\/\/www.instagram.com\/beverinnovations_horticulture\/","https:\/\/www.linkedin.com\/company\/bever-innovations-horticulture\/"]}]}},"_links":{"self":[{"href":"https:\/\/horticulture.beverinnovations.com\/nl\/wp-json\/wp\/v2\/product\/8451","targetHints":{"allow":["GET"]}}],"collection":[{"href":"https:\/\/horticulture.beverinnovations.com\/nl\/wp-json\/wp\/v2\/product"}],"about":[{"href":"https:\/\/horticulture.beverinnovations.com\/nl\/wp-json\/wp\/v2\/types\/product"}],"author":[{"embeddable":true,"href":"https:\/\/horticulture.beverinnovations.com\/nl\/wp-json\/wp\/v2\/users\/2"}],"version-history":[{"count":2,"href":"https:\/\/horticulture.beverinnovations.com\/nl\/wp-json\/wp\/v2\/product\/8451\/revisions"}],"predecessor-version":[{"id":8453,"href":"https:\/\/horticulture.beverinnovations.com\/nl\/wp-json\/wp\/v2\/product\/8451\/revisions\/8453"}],"wp:featuredmedia":[{"embeddable":true,"href":"https:\/\/horticulture.beverinnovations.com\/nl\/wp-json\/wp\/v2\/media\/7951"}],"wp:attachment":[{"href":"https:\/\/horticulture.beverinnovations.com\/nl\/wp-json\/wp\/v2\/media?parent=8451"}],"wp:term":[{"taxonomy":"categorie_leaf_carrier","embeddable":true,"href":"https:\/\/horticulture.beverinnovations.com\/nl\/wp-json\/wp\/v2\/categorie_leaf_carrier?post=8451"}],"curies":[{"name":"wp","href":"https:\/\/api.w.org\/{rel}","templated":true}]}}